{"id":2,"date":"2013-01-19T15:26:37","date_gmt":"2013-01-19T15:26:37","guid":{"rendered":"http:\/\/www.ulkoilutankameraa.fi\/blog\/?page_id=2"},"modified":"2025-01-13T16:00:17","modified_gmt":"2025-01-13T14:00:17","slug":"about","status":"publish","type":"page","link":"https:\/\/www.ulkoilutankameraa.fi\/blog\/?page_id=2","title":{"rendered":"Info"},"content":{"rendered":"<p>T\u00e4h\u00e4n blogiin, t\u00e4lle alustalle alkoi tulla kuvia 1\/2013. Ennen t\u00e4t\u00e4 1\/2007 &#8211; 10\/2011 Pixelpost-alustalla, joka sittemmin koki jotenkin katoamisen bitti-avaruuteen ja 10\/2011 alkaen Google+ :ssa. Seh\u00e4n koko toisenlaisen katoamisen. Kuviani l\u00f6ytyy my\u00f6s Instagramista.<\/p>\n<p>Jos haluat lis\u00e4tietoa\u00a0ota yhteytt\u00e4 tapio(at)ulkoilutankameraa.fi<\/p>\n<p>To this blog with this platform started at 1\/2013. Before that I used www.ulkoilutankameraa.fi\/pixelpost during 1\/2007 &#8211; 10\/2011 but that site disappered somewhere to digital space. After that I started to use Google+, but Google decided to end that service. You can find my pictures also in Instagram.<\/p>\n<p>If you want some extra information please don&#8217;t hesitate to contact tapio(at)ulkoilutankameraa.fi<\/p>\n<p>Sis\u00e4ll\u00f6n Copyright \u00a9 2016,\u00a0 Sivuston omistajalla. \u00c4l\u00e4 k\u00e4yt\u00e4 kuviani ilman lupaa.<\/p>\n","protected":false},"excerpt":{"rendered":"<p>T\u00e4h\u00e4n blogiin, t\u00e4lle alustalle alkoi tulla kuvia 1\/2013. Ennen t\u00e4t\u00e4 1\/2007 &#8211; 10\/2011 Pixelpost-alustalla, joka sittemmin koki jotenkin katoamisen bitti-avaruuteen ja 10\/2011 alkaen Google+ :ssa. Seh\u00e4n koko toisenlaisen katoamisen. Kuviani l\u00f6ytyy my\u00f6s Instagramista. Jos haluat lis\u00e4tietoa\u00a0ota yhteytt\u00e4 tapio(at)ulkoilutankameraa.fi To this blog with this platform started at 1\/2013. Before that I used www.ulkoilutankameraa.fi\/pixelpost during 1\/2007 &#8211; [&hellip;]<\/p>\n","protected":false},"author":1,"featured_media":0,"parent":0,"menu_order":0,"comment_status":"closed","ping_status":"open","template":"","meta":{"footnotes":""},"class_list":["post-2","page","type-page","status-publish","hentry","content-columns-1"],"_links":{"self":[{"href":"https:\/\/www.ulkoilutankameraa.fi\/blog\/index.php?rest_route=\/wp\/v2\/pages\/2","targetHints":{"allow":["GET"]}}],"collection":[{"href":"https:\/\/www.ulkoilutankameraa.fi\/blog\/index.php?rest_route=\/wp\/v2\/pages"}],"about":[{"href":"https:\/\/www.ulkoilutankameraa.fi\/blog\/index.php?rest_route=\/wp\/v2\/types\/page"}],"author":[{"embeddable":true,"href":"https:\/\/www.ulkoilutankameraa.fi\/blog\/index.php?rest_route=\/wp\/v2\/users\/1"}],"replies":[{"embeddable":true,"href":"https:\/\/www.ulkoilutankameraa.fi\/blog\/index.php?rest_route=%2Fwp%2Fv2%2Fcomments&post=2"}],"version-history":[{"count":8,"href":"https:\/\/www.ulkoilutankameraa.fi\/blog\/index.php?rest_route=\/wp\/v2\/pages\/2\/revisions"}],"predecessor-version":[{"id":7375,"href":"https:\/\/www.ulkoilutankameraa.fi\/blog\/index.php?rest_route=\/wp\/v2\/pages\/2\/revisions\/7375"}],"wp:attachment":[{"href":"https:\/\/www.ulkoilutankameraa.fi\/blog\/index.php?rest_route=%2Fwp%2Fv2%2Fmedia&parent=2"}],"curies":[{"name":"wp","href":"https:\/\/api.w.org\/{rel}","templated":true}]}}